{"id":2,"date":"2016-05-10T03:48:21","date_gmt":"2016-05-10T03:48:21","guid":{"rendered":"https:\/\/flockstar-nrw.de\/web\/?page_id=2"},"modified":"2018-12-26T14:05:53","modified_gmt":"2018-12-26T14:05:53","slug":"sample-page","status":"publish","type":"page","link":"https:\/\/flockstar-nrw.de\/web\/","title":{"rendered":"Herzlich Willkommen"},"content":{"rendered":"\n<h2 style=\"text-align:center\"><strong>In Sachen Beflockung, realisieren wir Ihre W\u00fcnsche\u2026 <br>Ihr Ansprechpartner in allen Fragen rund um den Textildruck und  Textilveredelung.<\/strong>  <br><\/h2>\n\n\n\n<p style=\"font-size:25px;text-align:center\" class=\"has-background has-very-light-gray-background-color\">F\u00fcr jedes Motiv bieten wir Ihnen die passende Drucktechnik \u2013 vom Einzelteil bis zur Gro\u00dfauftr\u00e4ge.<\/p>\n\n\n\n<hr class=\"wp-block-separator\"\/>\n\n\n\n<div class=\"wp-block-image\"><figure class=\"alignright is-resized\"><img loading=\"lazy\" src=\"https:\/\/flockstar-nrw.de\/web\/wp-content\/uploads\/2018\/11\/WhatsApp-Image-2018-11-08-at-19.15.51-843x1024.jpeg\" alt=\"\" class=\"wp-image-18\" width=\"272\" height=\"330\" srcset=\"https:\/\/flockstar-nrw.de\/web\/wp-content\/uploads\/2018\/11\/WhatsApp-Image-2018-11-08-at-19.15.51-843x1024.jpeg 843w, https:\/\/flockstar-nrw.de\/web\/wp-content\/uploads\/2018\/11\/WhatsApp-Image-2018-11-08-at-19.15.51-247x300.jpeg 247w, https:\/\/flockstar-nrw.de\/web\/wp-content\/uploads\/2018\/11\/WhatsApp-Image-2018-11-08-at-19.15.51-768x933.jpeg 768w, https:\/\/flockstar-nrw.de\/web\/wp-content\/uploads\/2018\/11\/WhatsApp-Image-2018-11-08-at-19.15.51.jpeg 1317w\" sizes=\"(max-width: 272px) 100vw, 272px\" \/><\/figure><\/div>\n\n\n\n<p style=\"font-size:25px\">Textilveredelung f\u00fcr Abitur, Meisterschaft, Vereinsausstattungen oder Firmenkleidung. Ob Digitaltransferdruck, Plott, Sublimation oder auch Beflockung, bei uns entscheiden Sie.<\/p>\n\n\n\n<p style=\"text-align:left\">Rufen Sie uns an unter 0201 \/ 80 66 5006 und fordern Sie Ihr individuelles Angebot an!<\/p>\n\n\n\n<p style=\"text-align:center\">Ihr FLOCKSTAR NRW TEAM.<\/p>\n","protected":false},"excerpt":{"rendered":"<p>In Sachen Beflockung, realisieren wir Ihre W\u00fcnsche\u2026 Ihr Ansprechpartner in allen Fragen rund um den Textildruck und Textilveredelung. F\u00fcr jedes Motiv bieten wir Ihnen die passende Drucktechnik \u2013 vom Einzelteil bis zur Gro\u00dfauftr\u00e4ge. Textilveredelung f\u00fcr Abitur, Meisterschaft, Vereinsausstattungen oder Firmenkleidung. Ob Digitaltransferdruck, Plott, Sublimation oder auch Beflockung, bei uns entscheiden Sie. Rufen Sie uns an [&hellip;]<\/p>\n","protected":false},"author":1,"featured_media":0,"parent":0,"menu_order":1,"comment_status":"closed","ping_status":"open","template":"","meta":[],"_links":{"self":[{"href":"https:\/\/flockstar-nrw.de\/web\/wp-json\/wp\/v2\/pages\/2"}],"collection":[{"href":"https:\/\/flockstar-nrw.de\/web\/wp-json\/wp\/v2\/pages"}],"about":[{"href":"https:\/\/flockstar-nrw.de\/web\/wp-json\/wp\/v2\/types\/page"}],"author":[{"embeddable":true,"href":"https:\/\/flockstar-nrw.de\/web\/wp-json\/wp\/v2\/users\/1"}],"replies":[{"embeddable":true,"href":"https:\/\/flockstar-nrw.de\/web\/wp-json\/wp\/v2\/comments?post=2"}],"version-history":[{"count":38,"href":"https:\/\/flockstar-nrw.de\/web\/wp-json\/wp\/v2\/pages\/2\/revisions"}],"predecessor-version":[{"id":226,"href":"https:\/\/flockstar-nrw.de\/web\/wp-json\/wp\/v2\/pages\/2\/revisions\/226"}],"wp:attachment":[{"href":"https:\/\/flockstar-nrw.de\/web\/wp-json\/wp\/v2\/media?parent=2"}],"curies":[{"name":"wp","href":"https:\/\/api.w.org\/{rel}","templated":true}]}}