{"id":231,"date":"2018-12-26T14:22:30","date_gmt":"2018-12-26T14:22:30","guid":{"rendered":"https:\/\/flockstar-nrw.de\/web\/?page_id=231"},"modified":"2018-12-26T14:28:50","modified_gmt":"2018-12-26T14:28:50","slug":"flockfolie","status":"publish","type":"page","link":"https:\/\/flockstar-nrw.de\/web\/flockfolie\/","title":{"rendered":"Flockfolie"},"content":{"rendered":"\n<p>Unsere Flockfolie ist eine samtweiche Textiltransferfolie mit besonders  feiner und dichter Flockfaser. Der Schmelzkleber ist je nach Farbe der  Flockfolie eingef\u00e4rbt.<\/p>\n\n\n\n<p class=\"has-medium-font-size\"><strong>Verarbeitung<\/strong><\/p>\n\n\n\n<p>Usere Flockfolie kann mit allen  markt\u00fcblichen Plottern geschnitten werden. Der Schnitt erfolgt seitenverkehrt  durch den Schmelzklebstoff bis auf die Oberfl\u00e4che. Der Aufdruck erfolgt bei der Flock-Technik mit Hilfe einer d\u00fcnnen Folie, aus der das jeweilige Druckmotiv herausgeschnitten wird.  Nach dem Entgittern  wird die geschnittene Folie bei 175 &#8211; 185 \u00b0C f\u00fcr 15  &#8211; 25 Sekunden bei  mittlerem Druck mittels einer Transferpresse  \u00fcbertragen.   <\/p>\n\n\n\n<p>Diese Folie wird anschlie\u00dfend unter sehr starkem Druck und hoher Temperatur   mit dem jeweiligen Untergrund verschmolzen. Den Tr\u00e4ger wird kalt  abgezogen. Die bedruckten Textilien sind bis zu 60\u00b0C waschbar.<br><strong>Nicht f\u00fcr Nylongewebe und impr\u00e4gnierte Gewebe geeignet.<\/strong><\/p>\n\n\n\n<p> Der Flockdruck geh\u00f6rt aufgrund seines qualitativ hochwertigen und  haltbaren Druckergebnisses zu den edelsten Druckverfahren. Die Beflockung hat eine samtige, leicht erhabene Oberfl\u00e4che.  Dadurch f\u00fchlt sich das Motiv wie eine d\u00fcnne Schicht Pl\u00fcsch an und eignet  sich besonders f\u00fcr Motive ohne Farbverl\u00e4ufe, Schriften und Logos.<\/p>\n\n\n\n<h3>Zur Info..<\/h3>\n\n\n\n<p>Besonders f\u00fcr gro\u00dfe Motive eignen sich besser Produkte aus  dickem, schwerem Stoff (z.B. ein Sweatshirt). Da die Flockfolie dick und  wenig elastisch ist, ist ein Produkt aus d\u00fcnnem Stoff (z.B. ein  T-Shirt) mit einem besonders gro\u00dfen Motiv nicht so angenehm zu tragen.<\/p>\n\n\n\n<p><\/p>\n","protected":false},"excerpt":{"rendered":"<p>Unsere Flockfolie ist eine samtweiche Textiltransferfolie mit besonders feiner und dichter Flockfaser. Der Schmelzkleber ist je nach Farbe der Flockfolie eingef\u00e4rbt. Verarbeitung Usere Flockfolie kann mit allen markt\u00fcblichen Plottern geschnitten werden. Der Schnitt erfolgt seitenverkehrt durch den Schmelzklebstoff bis auf die Oberfl\u00e4che. Der Aufdruck erfolgt bei der Flock-Technik mit Hilfe einer d\u00fcnnen Folie, aus der [&hellip;]<\/p>\n","protected":false},"author":1,"featured_media":0,"parent":0,"menu_order":0,"comment_status":"closed","ping_status":"closed","template":"","meta":[],"_links":{"self":[{"href":"https:\/\/flockstar-nrw.de\/web\/wp-json\/wp\/v2\/pages\/231"}],"collection":[{"href":"https:\/\/flockstar-nrw.de\/web\/wp-json\/wp\/v2\/pages"}],"about":[{"href":"https:\/\/flockstar-nrw.de\/web\/wp-json\/wp\/v2\/types\/page"}],"author":[{"embeddable":true,"href":"https:\/\/flockstar-nrw.de\/web\/wp-json\/wp\/v2\/users\/1"}],"replies":[{"embeddable":true,"href":"https:\/\/flockstar-nrw.de\/web\/wp-json\/wp\/v2\/comments?post=231"}],"version-history":[{"count":3,"href":"https:\/\/flockstar-nrw.de\/web\/wp-json\/wp\/v2\/pages\/231\/revisions"}],"predecessor-version":[{"id":237,"href":"https:\/\/flockstar-nrw.de\/web\/wp-json\/wp\/v2\/pages\/231\/revisions\/237"}],"wp:attachment":[{"href":"https:\/\/flockstar-nrw.de\/web\/wp-json\/wp\/v2\/media?parent=231"}],"curies":[{"name":"wp","href":"https:\/\/api.w.org\/{rel}","templated":true}]}}